{"id":109,"date":"2022-06-29T13:02:37","date_gmt":"2022-06-29T13:02:37","guid":{"rendered":"https:\/\/achim-walter.info\/?page_id=109"},"modified":"2022-09-14T04:57:32","modified_gmt":"2022-09-14T04:57:32","slug":"wahlbroschuere","status":"publish","type":"page","link":"https:\/\/achim-walter.info\/?page_id=109","title":{"rendered":"Wahlbrosch\u00fcre"},"content":{"rendered":"\n<p>Im Laufe des Juli und August werde ich meine Wahlbrosch\u00fcre pers\u00f6nlich in Obrigheim, Asbach und M\u00f6rtelstein verteilen. Hier finden Sie das Druckwerk auch als PDF:<\/p>\n\n\n\n<div class=\"wp-block-file\"><object class=\"wp-block-file__embed\" data=\"https:\/\/achim-walter.info\/wp-content\/uploads\/2022\/07\/aw_wahlprogramm.pdf\" type=\"application\/pdf\" style=\"width:100%;height:600px\" aria-label=\"Einbettung von aw_wahlprogramm.\"><\/object><a id=\"wp-block-file--media-5c4e44ce-f6b8-4211-a8f7-4cd8efd66be3\" href=\"https:\/\/achim-walter.info\/wp-content\/uploads\/2022\/07\/aw_wahlprogramm.pdf\">aw_wahlprogramm<\/a><a href=\"https:\/\/achim-walter.info\/wp-content\/uploads\/2022\/07\/aw_wahlprogramm.pdf\" class=\"wp-block-file__button\" download aria-describedby=\"wp-block-file--media-5c4e44ce-f6b8-4211-a8f7-4cd8efd66be3\">Herunterladen<\/a><\/div>\n","protected":false},"excerpt":{"rendered":"<p>Im Laufe des Juli und August werde ich meine Wahlbrosch\u00fcre pers\u00f6nlich in Obrigheim, Asbach und M\u00f6rtelstein verteilen. Hier finden Sie das Druckwerk auch als PDF:<\/p>\n","protected":false},"author":1,"featured_media":0,"parent":0,"menu_order":0,"comment_status":"closed","ping_status":"closed","template":"","meta":[],"_links":{"self":[{"href":"https:\/\/achim-walter.info\/index.php?rest_route=\/wp\/v2\/pages\/109"}],"collection":[{"href":"https:\/\/achim-walter.info\/index.php?rest_route=\/wp\/v2\/pages"}],"about":[{"href":"https:\/\/achim-walter.info\/index.php?rest_route=\/wp\/v2\/types\/page"}],"author":[{"embeddable":true,"href":"https:\/\/achim-walter.info\/index.php?rest_route=\/wp\/v2\/users\/1"}],"replies":[{"embeddable":true,"href":"https:\/\/achim-walter.info\/index.php?rest_route=%2Fwp%2Fv2%2Fcomments&post=109"}],"version-history":[{"count":5,"href":"https:\/\/achim-walter.info\/index.php?rest_route=\/wp\/v2\/pages\/109\/revisions"}],"predecessor-version":[{"id":275,"href":"https:\/\/achim-walter.info\/index.php?rest_route=\/wp\/v2\/pages\/109\/revisions\/275"}],"wp:attachment":[{"href":"https:\/\/achim-walter.info\/index.php?rest_route=%2Fwp%2Fv2%2Fmedia&parent=109"}],"curies":[{"name":"wp","href":"https:\/\/api.w.org\/{rel}","templated":true}]}}