{"id":5,"date":"2022-06-29T08:17:19","date_gmt":"2022-06-29T08:17:19","guid":{"rendered":"https:\/\/achim-walter.info\/?page_id=5"},"modified":"2022-09-14T04:52:01","modified_gmt":"2022-09-14T04:52:01","slug":"termine","status":"publish","type":"page","link":"https:\/\/achim-walter.info\/?page_id=5","title":{"rendered":"Termine"},"content":{"rendered":"\n<p>Hier k\u00f6nnen Sie mich treffen:<\/p>\n\n\n\n<p><strong>Kandidatenvorstellung der Gemeinde Obrigheim<\/strong><\/p>\n\n\n\n<ul><li>Dienstag, 27.09.2022, 19.00 Uhr<br>Neckarhalle<\/li><\/ul>\n\n\n\n<p><strong>Wahlinformationsabende<\/strong><\/p>\n\n\n\n<ul><li>Mittwoch, 14.09.2022, 19.00 Uhr<br>Wahlinformationsabend in Obrigheim,<br>Keller&#8217;s Restaurant, Langenrainstra\u00dfe 16<\/li><li>Montag, 19.09.2022, 19.00 Uhr<br>Wahlinformationsabend in M\u00f6rtelstein,<br>Evangelisches Gemeindehaus, Talstra\u00dfe 31<\/li><li>Mittwoch, 21.09.2022, 19.00 Uhr<br>Wahlinformationsabend in Asbach,<br>Clubraum des FC Asbach in der Sporthalle, Im Wengert<\/li><li>Samstag, 24.09.2022, 19.00 Uhr<br>Wahlinformationsabend in Obrigheim,<br>Gasthaus J\u00e4gerstube, Langenrainstra\u00dfe 24<\/li><\/ul>\n\n\n\n<p><strong>Ortsteilspazierg\u00e4nge<\/strong><\/p>\n\n\n\n<ul><li>Freitag 29.07.2022, 18.00 Uhr<br>Ortsteilspaziergang M\u00f6rtelstein, Treffpunkt vor dem Alten Rathaus<\/li><li>Freitag 05.08.2022, 18.00 Uhr<br>Ortsteilspaziergang Obrigheim, Treffpunkt auf dem Parkplatz hinter dem Rathaus<\/li><li>Montag 08.08.2022, 18.00 Uhr<br>Ortsteilspaziergang Asbach, Treffpunkt beim Vereinshaus<\/li><\/ul>\n\n\n\n<p>Meine weiteren Termine ver\u00f6ffentliche ich zeitnah auf meiner Homepage und im Mitteilungsblatt.<\/p>\n","protected":false},"excerpt":{"rendered":"<p>Hier k\u00f6nnen Sie mich treffen: Kandidatenvorstellung der Gemeinde Obrigheim Dienstag, 27.09.2022, 19.00 UhrNeckarhalle Wahlinformationsabende Mittwoch, 14.09.2022, 19.00 UhrWahlinformationsabend in Obrigheim,Keller&#8217;s Restaurant, Langenrainstra\u00dfe 16 Montag, 19.09.2022, 19.00 UhrWahlinformationsabend in M\u00f6rtelstein,Evangelisches Gemeindehaus, Talstra\u00dfe 31 Mittwoch, 21.09.2022, 19.00 UhrWahlinformationsabend in Asbach,Clubraum des FC Asbach in der Sporthalle, Im Wengert Samstag, 24.09.2022, 19.00 UhrWahlinformationsabend in Obrigheim,Gasthaus J\u00e4gerstube, Langenrainstra\u00dfe 24 [&hellip;]<\/p>\n","protected":false},"author":1,"featured_media":26,"parent":0,"menu_order":0,"comment_status":"closed","ping_status":"closed","template":"","meta":[],"_links":{"self":[{"href":"https:\/\/achim-walter.info\/index.php?rest_route=\/wp\/v2\/pages\/5"}],"collection":[{"href":"https:\/\/achim-walter.info\/index.php?rest_route=\/wp\/v2\/pages"}],"about":[{"href":"https:\/\/achim-walter.info\/index.php?rest_route=\/wp\/v2\/types\/page"}],"author":[{"embeddable":true,"href":"https:\/\/achim-walter.info\/index.php?rest_route=\/wp\/v2\/users\/1"}],"replies":[{"embeddable":true,"href":"https:\/\/achim-walter.info\/index.php?rest_route=%2Fwp%2Fv2%2Fcomments&post=5"}],"version-history":[{"count":8,"href":"https:\/\/achim-walter.info\/index.php?rest_route=\/wp\/v2\/pages\/5\/revisions"}],"predecessor-version":[{"id":274,"href":"https:\/\/achim-walter.info\/index.php?rest_route=\/wp\/v2\/pages\/5\/revisions\/274"}],"wp:featuredmedia":[{"embeddable":true,"href":"https:\/\/achim-walter.info\/index.php?rest_route=\/wp\/v2\/media\/26"}],"wp:attachment":[{"href":"https:\/\/achim-walter.info\/index.php?rest_route=%2Fwp%2Fv2%2Fmedia&parent=5"}],"curies":[{"name":"wp","href":"https:\/\/api.w.org\/{rel}","templated":true}]}}