{"id":8,"date":"2022-06-29T08:17:55","date_gmt":"2022-06-29T08:17:55","guid":{"rendered":"https:\/\/achim-walter.info\/?page_id=8"},"modified":"2022-10-11T20:03:04","modified_gmt":"2022-10-11T20:03:04","slug":"willkommen","status":"publish","type":"page","link":"https:\/\/achim-walter.info\/","title":{"rendered":"D A N K E !"},"content":{"rendered":"\n<p><strong>Liebe B\u00fcrgerinnen und B\u00fcrger von Obrigheim, Asbach und M\u00f6rtelstein,<\/strong><\/p>\n\n\n<div class=\"wp-block-image\">\n<figure class=\"alignleft size-large is-resized\"><img loading=\"lazy\" src=\"https:\/\/achim-walter.info\/wp-content\/uploads\/2022\/06\/TA__0291-1024x683.jpg\" alt=\"\" class=\"wp-image-43\" width=\"309\" height=\"206\" srcset=\"https:\/\/achim-walter.info\/wp-content\/uploads\/2022\/06\/TA__0291-1024x683.jpg 1024w, https:\/\/achim-walter.info\/wp-content\/uploads\/2022\/06\/TA__0291-300x200.jpg 300w, https:\/\/achim-walter.info\/wp-content\/uploads\/2022\/06\/TA__0291-768x512.jpg 768w, https:\/\/achim-walter.info\/wp-content\/uploads\/2022\/06\/TA__0291-1536x1024.jpg 1536w, https:\/\/achim-walter.info\/wp-content\/uploads\/2022\/06\/TA__0291-2048x1365.jpg 2048w, https:\/\/achim-walter.info\/wp-content\/uploads\/2022\/06\/TA__0291-360x240.jpg 360w\" sizes=\"(max-width: 309px) 100vw, 309px\" \/><\/figure><\/div>\n\n\n<p>f\u00fcr das Vertrauen, das Sie mir bei der B\u00fcrgermeisterwahl am vergangenen Sonntag ausgesprochen haben, bedanke ich mich sehr herzlich.<\/p>\n\n\n\n<p>Ich freue mich \u00fcber Ihren Auftrag, eine weitere Amtszeit gemeinsam mit Ihnen, dem Gemeinderat, der Verwaltung und allen engagierten Menschen in den Vereinen, Kirchen, der Feuerwehr und den Unternehmen f\u00fcr die Gemeinde arbeiten zu d\u00fcrfen<\/p>\n\n\n\n<p>Auf eine gutes Miteinander und viel Erfolg bei allen Projekten, die wir gemeinsam anpacken.. <\/p>\n\n\n\n<p>Mit herzlichen Gr\u00fc\u00dfen<\/p>\n\n\n\n<p>Ihr<\/p>\n\n\n\n<figure class=\"wp-block-image size-full\"><img loading=\"lazy\" width=\"250\" height=\"82\" src=\"https:\/\/achim-walter.info\/wp-content\/uploads\/2022\/06\/aw_unterschrift.jpg\" alt=\"\" class=\"wp-image-104\"\/><\/figure>\n\n\n\n<p><\/p>\n\n\n\n<p><\/p>\n","protected":false},"excerpt":{"rendered":"<p>Liebe B\u00fcrgerinnen und B\u00fcrger von Obrigheim, Asbach und M\u00f6rtelstein, f\u00fcr das Vertrauen, das Sie mir bei der B\u00fcrgermeisterwahl am vergangenen Sonntag ausgesprochen haben, bedanke ich mich sehr herzlich. Ich freue mich \u00fcber Ihren Auftrag, eine weitere Amtszeit gemeinsam mit Ihnen, dem Gemeinderat, der Verwaltung und allen engagierten Menschen in den Vereinen, Kirchen, der Feuerwehr und [&hellip;]<\/p>\n","protected":false},"author":1,"featured_media":0,"parent":0,"menu_order":0,"comment_status":"closed","ping_status":"closed","template":"","meta":[],"_links":{"self":[{"href":"https:\/\/achim-walter.info\/index.php?rest_route=\/wp\/v2\/pages\/8"}],"collection":[{"href":"https:\/\/achim-walter.info\/index.php?rest_route=\/wp\/v2\/pages"}],"about":[{"href":"https:\/\/achim-walter.info\/index.php?rest_route=\/wp\/v2\/types\/page"}],"author":[{"embeddable":true,"href":"https:\/\/achim-walter.info\/index.php?rest_route=\/wp\/v2\/users\/1"}],"replies":[{"embeddable":true,"href":"https:\/\/achim-walter.info\/index.php?rest_route=%2Fwp%2Fv2%2Fcomments&post=8"}],"version-history":[{"count":9,"href":"https:\/\/achim-walter.info\/index.php?rest_route=\/wp\/v2\/pages\/8\/revisions"}],"predecessor-version":[{"id":339,"href":"https:\/\/achim-walter.info\/index.php?rest_route=\/wp\/v2\/pages\/8\/revisions\/339"}],"wp:attachment":[{"href":"https:\/\/achim-walter.info\/index.php?rest_route=%2Fwp%2Fv2%2Fmedia&parent=8"}],"curies":[{"name":"wp","href":"https:\/\/api.w.org\/{rel}","templated":true}]}}